{"id":2165,"date":"2023-03-02T10:28:42","date_gmt":"2023-03-02T09:28:42","guid":{"rendered":"https:\/\/chateau-marquis-de-terme.com\/produit\/le-rose-de-marquis-vintage-2022\/"},"modified":"2024-04-09T12:25:25","modified_gmt":"2024-04-09T10:25:25","slug":"le-rose-de-marquis-vintage-2023","status":"publish","type":"product","link":"https:\/\/old.chateau-marquis-de-terme.com\/en\/produit\/le-rose-de-marquis-vintage-2023\/","title":{"rendered":"Le Ros\u00e9 de Marquis vintage 2023"},"content":{"rendered":"<p>Located in the heart of the Esterel massif a stone\u2019s throw from Fr\u00e9jus, the vineyard makes its way into the pine forest and finds its character between the footprint of volcanic rocks and the influence of the Mediterranean basin. With its environmental commitment through ever more natural cultural practices, getaway in Provence of Chateau Marquis de Terme naturally turned to the signature of a pink certified Organic. The eastern end of the C\u00f4tes de Provence appellation is characterized by a specific geology and climate. Its terroir but also its inscription in history established the basis for the recognition in 2005 of the complementary geographical denomination Fr\u00e9jus.<\/p>\n","protected":false},"excerpt":{"rendered":"<p>C\u00f4tes de Provence &#8211; Fr\u00e9jus<\/p>\n","protected":false},"featured_media":3838,"comment_status":"closed","ping_status":"closed","template":"","meta":{"_acf_changed":false,"inline_featured_image":false},"product_brand":[],"product_cat":[46],"product_tag":[],"class_list":{"0":"post-2165","1":"product","2":"type-product","3":"status-publish","4":"has-post-thumbnail","6":"product_cat-our-wines","8":"first","9":"instock","10":"taxable","11":"shipping-taxable","12":"purchasable","13":"product-type-simple"},"acf":[],"yoast_head":"<!-- This site is optimized with the Yoast SEO plugin v27.3 - https:\/\/yoast.com\/product\/yoast-seo-wordpress\/ -->\n<title>Le Ros\u00e9 de Marquis vintage 2023 - Ch\u00e2teau Marquis de Terme<\/title>\n<meta name=\"description\" content=\"Discover and purchase Ch\u00e2teau Marquis de Terme ros\u00e9 vintage 2022, a C\u00f4te de Provence ros\u00e9 wine that will not leave you indifferent!&quot;\" \/>\n<meta name=\"robots\" content=\"noindex, follow, max-snippet:-1, max-image-preview:large, max-video-preview:-1\" \/>\n<meta property=\"og:locale\" content=\"en_US\" \/>\n<meta property=\"og:type\" content=\"article\" \/>\n<meta property=\"og:title\" content=\"Le Ros\u00e9 de Marquis vintage 2023 - Ch\u00e2teau Marquis de Terme\" \/>\n<meta property=\"og:description\" content=\"Discover and purchase Ch\u00e2teau Marquis de Terme ros\u00e9 vintage 2022, a C\u00f4te de Provence ros\u00e9 wine that will not leave you indifferent!&quot;\" \/>\n<meta property=\"og:url\" content=\"https:\/\/old.chateau-marquis-de-terme.com\/en\/produit\/le-rose-de-marquis-vintage-2023\/\" \/>\n<meta property=\"og:site_name\" content=\"Ch\u00e2teau Marquis de Terme\" \/>\n<meta property=\"article:modified_time\" content=\"2024-04-09T10:25:25+00:00\" \/>\n<meta property=\"og:image\" content=\"https:\/\/chateau-marquis-de-terme.com\/wp-content\/uploads\/RoseDuMarquis_2023-600x600px.png\" \/>\n\t<meta property=\"og:image:width\" content=\"600\" \/>\n\t<meta property=\"og:image:height\" content=\"600\" \/>\n\t<meta property=\"og:image:type\" content=\"image\/png\" \/>\n<meta name=\"twitter:card\" content=\"summary_large_image\" \/>\n<meta name=\"twitter:label1\" content=\"Est. reading time\" \/>\n\t<meta name=\"twitter:data1\" content=\"1 minute\" \/>\n<script type=\"application\/ld+json\" class=\"yoast-schema-graph\">{\"@context\":\"https:\\\/\\\/schema.org\",\"@graph\":[{\"@type\":\"WebPage\",\"@id\":\"https:\\\/\\\/old.chateau-marquis-de-terme.com\\\/en\\\/produit\\\/le-rose-de-marquis-vintage-2023\\\/\",\"url\":\"https:\\\/\\\/old.chateau-marquis-de-terme.com\\\/en\\\/produit\\\/le-rose-de-marquis-vintage-2023\\\/\",\"name\":\"Le Ros\u00e9 de Marquis vintage 2023 - Ch\u00e2teau Marquis de Terme\",\"isPartOf\":{\"@id\":\"https:\\\/\\\/old.chateau-marquis-de-terme.com\\\/en\\\/#website\"},\"primaryImageOfPage\":{\"@id\":\"https:\\\/\\\/old.chateau-marquis-de-terme.com\\\/en\\\/produit\\\/le-rose-de-marquis-vintage-2023\\\/#primaryimage\"},\"image\":{\"@id\":\"https:\\\/\\\/old.chateau-marquis-de-terme.com\\\/en\\\/produit\\\/le-rose-de-marquis-vintage-2023\\\/#primaryimage\"},\"thumbnailUrl\":\"https:\\\/\\\/old.chateau-marquis-de-terme.com\\\/wp-content\\\/uploads\\\/RoseDuMarquis_2023-600x600px.png\",\"datePublished\":\"2023-03-02T09:28:42+00:00\",\"dateModified\":\"2024-04-09T10:25:25+00:00\",\"description\":\"Discover and purchase Ch\u00e2teau Marquis de Terme ros\u00e9 vintage 2022, a C\u00f4te de Provence ros\u00e9 wine that will not leave you indifferent!\\\"\",\"breadcrumb\":{\"@id\":\"https:\\\/\\\/old.chateau-marquis-de-terme.com\\\/en\\\/produit\\\/le-rose-de-marquis-vintage-2023\\\/#breadcrumb\"},\"inLanguage\":\"en-US\",\"potentialAction\":[{\"@type\":\"ReadAction\",\"target\":[\"https:\\\/\\\/old.chateau-marquis-de-terme.com\\\/en\\\/produit\\\/le-rose-de-marquis-vintage-2023\\\/\"]}]},{\"@type\":\"ImageObject\",\"inLanguage\":\"en-US\",\"@id\":\"https:\\\/\\\/old.chateau-marquis-de-terme.com\\\/en\\\/produit\\\/le-rose-de-marquis-vintage-2023\\\/#primaryimage\",\"url\":\"https:\\\/\\\/old.chateau-marquis-de-terme.com\\\/wp-content\\\/uploads\\\/RoseDuMarquis_2023-600x600px.png\",\"contentUrl\":\"https:\\\/\\\/old.chateau-marquis-de-terme.com\\\/wp-content\\\/uploads\\\/RoseDuMarquis_2023-600x600px.png\",\"width\":600,\"height\":600},{\"@type\":\"BreadcrumbList\",\"@id\":\"https:\\\/\\\/old.chateau-marquis-de-terme.com\\\/en\\\/produit\\\/le-rose-de-marquis-vintage-2023\\\/#breadcrumb\",\"itemListElement\":[{\"@type\":\"ListItem\",\"position\":1,\"name\":\"Home\",\"item\":\"https:\\\/\\\/chateau-marquis-de-terme.com\\\/en\\\/\"},{\"@type\":\"ListItem\",\"position\":2,\"name\":\"Wines\",\"item\":\"https:\\\/\\\/chateau-marquis-de-terme.com\\\/vins\\\/\"},{\"@type\":\"ListItem\",\"position\":3,\"name\":\"Le Ros\u00e9 de Marquis vintage 2023\"}]},{\"@type\":\"WebSite\",\"@id\":\"https:\\\/\\\/old.chateau-marquis-de-terme.com\\\/en\\\/#website\",\"url\":\"https:\\\/\\\/old.chateau-marquis-de-terme.com\\\/en\\\/\",\"name\":\"Ch\u00e2teau Marquis de Terme\",\"description\":\"UN VOYAGE EN PLEIN COEUR DE MARGAUX\",\"publisher\":{\"@id\":\"https:\\\/\\\/old.chateau-marquis-de-terme.com\\\/en\\\/#organization\"},\"alternateName\":\"Marquis de Terme\",\"potentialAction\":[{\"@type\":\"SearchAction\",\"target\":{\"@type\":\"EntryPoint\",\"urlTemplate\":\"https:\\\/\\\/old.chateau-marquis-de-terme.com\\\/en\\\/?s={search_term_string}\"},\"query-input\":{\"@type\":\"PropertyValueSpecification\",\"valueRequired\":true,\"valueName\":\"search_term_string\"}}],\"inLanguage\":\"en-US\"},{\"@type\":\"Organization\",\"@id\":\"https:\\\/\\\/old.chateau-marquis-de-terme.com\\\/en\\\/#organization\",\"name\":\"Ch\u00e2teau Marquis de Terme\",\"alternateName\":\"Marquis de Terme\",\"url\":\"https:\\\/\\\/old.chateau-marquis-de-terme.com\\\/en\\\/\",\"logo\":{\"@type\":\"ImageObject\",\"inLanguage\":\"en-US\",\"@id\":\"https:\\\/\\\/old.chateau-marquis-de-terme.com\\\/en\\\/#\\\/schema\\\/logo\\\/image\\\/\",\"url\":\"https:\\\/\\\/old.chateau-marquis-de-terme.com\\\/wp-content\\\/uploads\\\/MarquisDeTerme_LOGO-versionFETES2023-e1719818691148.png\",\"contentUrl\":\"https:\\\/\\\/old.chateau-marquis-de-terme.com\\\/wp-content\\\/uploads\\\/MarquisDeTerme_LOGO-versionFETES2023-e1719818691148.png\",\"width\":725,\"height\":367,\"caption\":\"Ch\u00e2teau Marquis de Terme\"},\"image\":{\"@id\":\"https:\\\/\\\/old.chateau-marquis-de-terme.com\\\/en\\\/#\\\/schema\\\/logo\\\/image\\\/\"}}]}<\/script>\n<!-- \/ Yoast SEO plugin. -->","yoast_head_json":{"title":"Le Ros\u00e9 de Marquis vintage 2023 - Ch\u00e2teau Marquis de Terme","description":"Discover and purchase Ch\u00e2teau Marquis de Terme ros\u00e9 vintage 2022, a C\u00f4te de Provence ros\u00e9 wine that will not leave you indifferent!\"","robots":{"index":"noindex","follow":"follow","max-snippet":"max-snippet:-1","max-image-preview":"max-image-preview:large","max-video-preview":"max-video-preview:-1"},"og_locale":"en_US","og_type":"article","og_title":"Le Ros\u00e9 de Marquis vintage 2023 - Ch\u00e2teau Marquis de Terme","og_description":"Discover and purchase Ch\u00e2teau Marquis de Terme ros\u00e9 vintage 2022, a C\u00f4te de Provence ros\u00e9 wine that will not leave you indifferent!\"","og_url":"https:\/\/old.chateau-marquis-de-terme.com\/en\/produit\/le-rose-de-marquis-vintage-2023\/","og_site_name":"Ch\u00e2teau Marquis de Terme","article_modified_time":"2024-04-09T10:25:25+00:00","og_image":[{"width":600,"height":600,"url":"https:\/\/chateau-marquis-de-terme.com\/wp-content\/uploads\/RoseDuMarquis_2023-600x600px.png","type":"image\/png"}],"twitter_card":"summary_large_image","twitter_misc":{"Est. reading time":"1 minute"},"schema":{"@context":"https:\/\/schema.org","@graph":[{"@type":"WebPage","@id":"https:\/\/old.chateau-marquis-de-terme.com\/en\/produit\/le-rose-de-marquis-vintage-2023\/","url":"https:\/\/old.chateau-marquis-de-terme.com\/en\/produit\/le-rose-de-marquis-vintage-2023\/","name":"Le Ros\u00e9 de Marquis vintage 2023 - Ch\u00e2teau Marquis de Terme","isPartOf":{"@id":"https:\/\/old.chateau-marquis-de-terme.com\/en\/#website"},"primaryImageOfPage":{"@id":"https:\/\/old.chateau-marquis-de-terme.com\/en\/produit\/le-rose-de-marquis-vintage-2023\/#primaryimage"},"image":{"@id":"https:\/\/old.chateau-marquis-de-terme.com\/en\/produit\/le-rose-de-marquis-vintage-2023\/#primaryimage"},"thumbnailUrl":"https:\/\/old.chateau-marquis-de-terme.com\/wp-content\/uploads\/RoseDuMarquis_2023-600x600px.png","datePublished":"2023-03-02T09:28:42+00:00","dateModified":"2024-04-09T10:25:25+00:00","description":"Discover and purchase Ch\u00e2teau Marquis de Terme ros\u00e9 vintage 2022, a C\u00f4te de Provence ros\u00e9 wine that will not leave you indifferent!\"","breadcrumb":{"@id":"https:\/\/old.chateau-marquis-de-terme.com\/en\/produit\/le-rose-de-marquis-vintage-2023\/#breadcrumb"},"inLanguage":"en-US","potentialAction":[{"@type":"ReadAction","target":["https:\/\/old.chateau-marquis-de-terme.com\/en\/produit\/le-rose-de-marquis-vintage-2023\/"]}]},{"@type":"ImageObject","inLanguage":"en-US","@id":"https:\/\/old.chateau-marquis-de-terme.com\/en\/produit\/le-rose-de-marquis-vintage-2023\/#primaryimage","url":"https:\/\/old.chateau-marquis-de-terme.com\/wp-content\/uploads\/RoseDuMarquis_2023-600x600px.png","contentUrl":"https:\/\/old.chateau-marquis-de-terme.com\/wp-content\/uploads\/RoseDuMarquis_2023-600x600px.png","width":600,"height":600},{"@type":"BreadcrumbList","@id":"https:\/\/old.chateau-marquis-de-terme.com\/en\/produit\/le-rose-de-marquis-vintage-2023\/#breadcrumb","itemListElement":[{"@type":"ListItem","position":1,"name":"Home","item":"https:\/\/chateau-marquis-de-terme.com\/en\/"},{"@type":"ListItem","position":2,"name":"Wines","item":"https:\/\/chateau-marquis-de-terme.com\/vins\/"},{"@type":"ListItem","position":3,"name":"Le Ros\u00e9 de Marquis vintage 2023"}]},{"@type":"WebSite","@id":"https:\/\/old.chateau-marquis-de-terme.com\/en\/#website","url":"https:\/\/old.chateau-marquis-de-terme.com\/en\/","name":"Ch\u00e2teau Marquis de Terme","description":"UN VOYAGE EN PLEIN COEUR DE MARGAUX","publisher":{"@id":"https:\/\/old.chateau-marquis-de-terme.com\/en\/#organization"},"alternateName":"Marquis de Terme","potentialAction":[{"@type":"SearchAction","target":{"@type":"EntryPoint","urlTemplate":"https:\/\/old.chateau-marquis-de-terme.com\/en\/?s={search_term_string}"},"query-input":{"@type":"PropertyValueSpecification","valueRequired":true,"valueName":"search_term_string"}}],"inLanguage":"en-US"},{"@type":"Organization","@id":"https:\/\/old.chateau-marquis-de-terme.com\/en\/#organization","name":"Ch\u00e2teau Marquis de Terme","alternateName":"Marquis de Terme","url":"https:\/\/old.chateau-marquis-de-terme.com\/en\/","logo":{"@type":"ImageObject","inLanguage":"en-US","@id":"https:\/\/old.chateau-marquis-de-terme.com\/en\/#\/schema\/logo\/image\/","url":"https:\/\/old.chateau-marquis-de-terme.com\/wp-content\/uploads\/MarquisDeTerme_LOGO-versionFETES2023-e1719818691148.png","contentUrl":"https:\/\/old.chateau-marquis-de-terme.com\/wp-content\/uploads\/MarquisDeTerme_LOGO-versionFETES2023-e1719818691148.png","width":725,"height":367,"caption":"Ch\u00e2teau Marquis de Terme"},"image":{"@id":"https:\/\/old.chateau-marquis-de-terme.com\/en\/#\/schema\/logo\/image\/"}}]}},"_links":{"self":[{"href":"https:\/\/old.chateau-marquis-de-terme.com\/en\/wp-json\/wp\/v2\/product\/2165","targetHints":{"allow":["GET"]}}],"collection":[{"href":"https:\/\/old.chateau-marquis-de-terme.com\/en\/wp-json\/wp\/v2\/product"}],"about":[{"href":"https:\/\/old.chateau-marquis-de-terme.com\/en\/wp-json\/wp\/v2\/types\/product"}],"replies":[{"embeddable":true,"href":"https:\/\/old.chateau-marquis-de-terme.com\/en\/wp-json\/wp\/v2\/comments?post=2165"}],"version-history":[{"count":4,"href":"https:\/\/old.chateau-marquis-de-terme.com\/en\/wp-json\/wp\/v2\/product\/2165\/revisions"}],"predecessor-version":[{"id":3854,"href":"https:\/\/old.chateau-marquis-de-terme.com\/en\/wp-json\/wp\/v2\/product\/2165\/revisions\/3854"}],"wp:featuredmedia":[{"embeddable":true,"href":"https:\/\/old.chateau-marquis-de-terme.com\/en\/wp-json\/wp\/v2\/media\/3838"}],"wp:attachment":[{"href":"https:\/\/old.chateau-marquis-de-terme.com\/en\/wp-json\/wp\/v2\/media?parent=2165"}],"wp:term":[{"taxonomy":"product_brand","embeddable":true,"href":"https:\/\/old.chateau-marquis-de-terme.com\/en\/wp-json\/wp\/v2\/product_brand?post=2165"},{"taxonomy":"product_cat","embeddable":true,"href":"https:\/\/old.chateau-marquis-de-terme.com\/en\/wp-json\/wp\/v2\/product_cat?post=2165"},{"taxonomy":"product_tag","embeddable":true,"href":"https:\/\/old.chateau-marquis-de-terme.com\/en\/wp-json\/wp\/v2\/product_tag?post=2165"}],"curies":[{"name":"wp","href":"https:\/\/api.w.org\/{rel}","templated":true}]}}